{"id":101,"date":"2023-06-08T10:27:05","date_gmt":"2023-06-08T10:27:05","guid":{"rendered":"https:\/\/mk-ventas.blog\/?page_id=101"},"modified":"2023-06-22T10:45:15","modified_gmt":"2023-06-22T10:45:15","slug":"material-didactico","status":"publish","type":"page","link":"https:\/\/mk-ventas.blog\/en\/material-didactico\/","title":{"rendered":"Material did\u00e1ctico"},"content":{"rendered":"<p>A continuaci\u00f3n se ponen a\u00a0 vuestra disposici\u00f3n material did\u00e1ctico que empleo en mis clases. Espero que os sea de utilidad<\/p>\n<p>&nbsp;<\/p>\n<table style=\"height: 1710px;\" width=\"965\">\n<tbody>\n<tr>\n<th><\/th>\n<th>\n<h2 style=\"text-align: center;\">ASIGNATURAS \u00c1REA DE MARKETING<\/h2>\n<\/th>\n<\/tr>\n<tr>\n<td style=\"text-align: center;\">\n<h3><img decoding=\"async\" class=\"alignnone size-medium wp-image-82 lazyload\" data-src=\"https:\/\/mk-ventas.blog\/wp-content\/uploads\/2023\/05\/gestion-proyectos-300x167.jpg\" alt=\"\" width=\"300\" height=\"167\" data-srcset=\"https:\/\/mk-ventas.blog\/wp-content\/uploads\/2023\/05\/gestion-proyectos-300x167.jpg 300w, https:\/\/mk-ventas.blog\/wp-content\/uploads\/2023\/05\/gestion-proyectos-768x426.jpg 768w, https:\/\/mk-ventas.blog\/wp-content\/uploads\/2023\/05\/gestion-proyectos.jpg 850w\" data-sizes=\"(max-width: 300px) 100vw, 300px\" src=\"data:image\/svg+xml;base64,PHN2ZyB3aWR0aD0iMSIgaGVpZ2h0PSIxIiB4bWxucz0iaHR0cDovL3d3dy53My5vcmcvMjAwMC9zdmciPjwvc3ZnPg==\" style=\"--smush-placeholder-width: 300px; --smush-placeholder-aspect-ratio: 300\/167;\" \/><\/h3>\n<\/td>\n<td>\n<h3 style=\"padding-left: 40px; text-align: center;\">Direcci\u00f3n Comercial 3\u00ba ADE<\/h3>\n<p style=\"padding-left: 40px; text-align: center;\"><a href=\"\/en\/tu_url_destino\/\">Haz clic aqu\u00ed<\/a><\/p>\n<\/td>\n<\/tr>\n<tr>\n<td><img decoding=\"async\" class=\"alignnone size-medium wp-image-39 aligncenter lazyload\" data-src=\"https:\/\/mk-ventas.blog\/wp-content\/uploads\/2023\/05\/tecnicas-de-venta-becas-300x200.jpeg\" alt=\"\" width=\"300\" height=\"200\" data-srcset=\"https:\/\/mk-ventas.blog\/wp-content\/uploads\/2023\/05\/tecnicas-de-venta-becas-300x200.jpeg 300w, https:\/\/mk-ventas.blog\/wp-content\/uploads\/2023\/05\/tecnicas-de-venta-becas-1024x683.jpeg 1024w, https:\/\/mk-ventas.blog\/wp-content\/uploads\/2023\/05\/tecnicas-de-venta-becas-768x512.jpeg 768w, https:\/\/mk-ventas.blog\/wp-content\/uploads\/2023\/05\/tecnicas-de-venta-becas.jpeg 1254w\" data-sizes=\"(max-width: 300px) 100vw, 300px\" src=\"data:image\/svg+xml;base64,PHN2ZyB3aWR0aD0iMSIgaGVpZ2h0PSIxIiB4bWxucz0iaHR0cDovL3d3dy53My5vcmcvMjAwMC9zdmciPjwvc3ZnPg==\" style=\"--smush-placeholder-width: 300px; --smush-placeholder-aspect-ratio: 300\/200;\" \/><\/td>\n<td>\n<h3 style=\"padding-left: 40px; text-align: center;\">Direcci\u00f3n de Marketing 2\u00ba ADE<\/h3>\n<p style=\"text-align: center;\"><a href=\"\/en\/tu_url_destino\/\">Haz clic aqu\u00ed<\/a><\/p>\n<\/td>\n<\/tr>\n<tr>\n<td>\n<h3><img decoding=\"async\" class=\"aligncenter wp-image-92 lazyload\" data-src=\"https:\/\/mk-ventas.blog\/wp-content\/uploads\/2023\/06\/telfono-mvil-con-iconos-de-las-redes-sociales-para-comprar--300x300.png\" alt=\"\" width=\"300\" height=\"300\" data-srcset=\"https:\/\/mk-ventas.blog\/wp-content\/uploads\/2023\/06\/telfono-mvil-con-iconos-de-las-redes-sociales-para-comprar--300x300.png 300w, https:\/\/mk-ventas.blog\/wp-content\/uploads\/2023\/06\/telfono-mvil-con-iconos-de-las-redes-sociales-para-comprar--150x150.png 150w, https:\/\/mk-ventas.blog\/wp-content\/uploads\/2023\/06\/telfono-mvil-con-iconos-de-las-redes-sociales-para-comprar--768x768.png 768w, https:\/\/mk-ventas.blog\/wp-content\/uploads\/2023\/06\/telfono-mvil-con-iconos-de-las-redes-sociales-para-comprar-.png 1024w\" data-sizes=\"(max-width: 300px) 100vw, 300px\" src=\"data:image\/svg+xml;base64,PHN2ZyB3aWR0aD0iMSIgaGVpZ2h0PSIxIiB4bWxucz0iaHR0cDovL3d3dy53My5vcmcvMjAwMC9zdmciPjwvc3ZnPg==\" style=\"--smush-placeholder-width: 300px; --smush-placeholder-aspect-ratio: 300\/300;\" \/><\/h3>\n<\/td>\n<td>\n<h3 style=\"padding-left: 40px; text-align: center;\">Comportamiento del consumidor 1\u00ba ADE<\/h3>\n<p style=\"text-align: center;\"><a href=\"\/en\/tu_url_destino\/\">Haz clic aqu\u00ed<\/a><\/p>\n<\/td>\n<\/tr>\n<tr>\n<td><img decoding=\"async\" class=\"size-medium wp-image-114 aligncenter lazyload\" data-src=\"https:\/\/mk-ventas.blog\/wp-content\/uploads\/2023\/06\/Psicologia-300x200.jpg\" alt=\"\" width=\"300\" height=\"200\" data-srcset=\"https:\/\/mk-ventas.blog\/wp-content\/uploads\/2023\/06\/Psicologia-300x200.jpg 300w, https:\/\/mk-ventas.blog\/wp-content\/uploads\/2023\/06\/Psicologia.jpg 600w\" data-sizes=\"(max-width: 300px) 100vw, 300px\" src=\"data:image\/svg+xml;base64,PHN2ZyB3aWR0aD0iMSIgaGVpZ2h0PSIxIiB4bWxucz0iaHR0cDovL3d3dy53My5vcmcvMjAwMC9zdmciPjwvc3ZnPg==\" style=\"--smush-placeholder-width: 300px; --smush-placeholder-aspect-ratio: 300\/200;\" \/><\/td>\n<td>\n<h3 style=\"padding-left: 40px; text-align: center;\">Psicolog\u00eda Aplicada al Marketing 1\u00ba Marketing<\/h3>\n<p style=\"text-align: center;\"><a href=\"\/en\/tu_url_destino\/\">Haz clic aqu\u00ed<\/a><\/p>\n<\/td>\n<\/tr>\n<tr>\n<td>\n<h3><img decoding=\"async\" class=\"size-medium wp-image-42 aligncenter lazyload\" data-src=\"https:\/\/mk-ventas.blog\/wp-content\/uploads\/2023\/05\/constantin-wenning-idDvA4jPBO8-unsplash-300x168.jpg\" alt=\"\" width=\"300\" height=\"168\" data-srcset=\"https:\/\/mk-ventas.blog\/wp-content\/uploads\/2023\/05\/constantin-wenning-idDvA4jPBO8-unsplash-300x168.jpg 300w, https:\/\/mk-ventas.blog\/wp-content\/uploads\/2023\/05\/constantin-wenning-idDvA4jPBO8-unsplash.jpg 650w\" data-sizes=\"(max-width: 300px) 100vw, 300px\" src=\"data:image\/svg+xml;base64,PHN2ZyB3aWR0aD0iMSIgaGVpZ2h0PSIxIiB4bWxucz0iaHR0cDovL3d3dy53My5vcmcvMjAwMC9zdmciPjwvc3ZnPg==\" style=\"--smush-placeholder-width: 300px; --smush-placeholder-aspect-ratio: 300\/168;\" \/><\/h3>\n<\/td>\n<td>\n<h3 style=\"padding-left: 40px; text-align: center;\">\u00a0Direcci\u00f3n de ventas 3\u00ba Marketing<\/h3>\n<p style=\"text-align: center;\"><a href=\"\/en\/tu_url_destino\/\">Haz clic aqu\u00ed<\/a><\/p>\n<\/td>\n<\/tr>\n<tr>\n<td><\/td>\n<td style=\"text-align: center;\">\n<h2><strong>ASIGNATURAS DE OTRAS \u00c1REAS<\/strong><\/h2>\n<\/td>\n<\/tr>\n<tr>\n<td>\n<h3><img decoding=\"async\" class=\"size-medium wp-image-58 aligncenter lazyload\" data-src=\"https:\/\/mk-ventas.blog\/wp-content\/uploads\/2023\/05\/frases-libros-pensar_76779bbf_1280x720-300x169.jpg\" alt=\"\" width=\"300\" height=\"169\" data-srcset=\"https:\/\/mk-ventas.blog\/wp-content\/uploads\/2023\/05\/frases-libros-pensar_76779bbf_1280x720-300x169.jpg 300w, https:\/\/mk-ventas.blog\/wp-content\/uploads\/2023\/05\/frases-libros-pensar_76779bbf_1280x720-1024x576.jpg 1024w, https:\/\/mk-ventas.blog\/wp-content\/uploads\/2023\/05\/frases-libros-pensar_76779bbf_1280x720-768x432.jpg 768w, https:\/\/mk-ventas.blog\/wp-content\/uploads\/2023\/05\/frases-libros-pensar_76779bbf_1280x720.jpg 1280w\" data-sizes=\"(max-width: 300px) 100vw, 300px\" src=\"data:image\/svg+xml;base64,PHN2ZyB3aWR0aD0iMSIgaGVpZ2h0PSIxIiB4bWxucz0iaHR0cDovL3d3dy53My5vcmcvMjAwMC9zdmciPjwvc3ZnPg==\" style=\"--smush-placeholder-width: 300px; --smush-placeholder-aspect-ratio: 300\/169;\" \/><\/h3>\n<\/td>\n<td>\n<h3 style=\"padding-left: 40px; text-align: center;\">Gesti\u00f3n del Conocimiento: informaci\u00f3n e inteligencia prospectiva<\/h3>\n<p style=\"text-align: center;\"><a href=\"https:\/\/www.slideshare.net\/Saulillo123\/presentations\">Haz clic aqu\u00ed<\/a><\/p>\n<\/td>\n<\/tr>\n<tr>\n<td style=\"text-align: center;\"><img decoding=\"async\" class=\"alignnone size-medium wp-image-115 lazyload\" data-src=\"https:\/\/mk-ventas.blog\/wp-content\/uploads\/2023\/06\/microeconomia-y-macroeconomia-300x167.jpg\" alt=\"\" width=\"300\" height=\"167\" data-srcset=\"https:\/\/mk-ventas.blog\/wp-content\/uploads\/2023\/06\/microeconomia-y-macroeconomia-300x167.jpg 300w, https:\/\/mk-ventas.blog\/wp-content\/uploads\/2023\/06\/microeconomia-y-macroeconomia-1024x569.jpg 1024w, https:\/\/mk-ventas.blog\/wp-content\/uploads\/2023\/06\/microeconomia-y-macroeconomia-768x427.jpg 768w, https:\/\/mk-ventas.blog\/wp-content\/uploads\/2023\/06\/microeconomia-y-macroeconomia.jpg 1260w\" data-sizes=\"(max-width: 300px) 100vw, 300px\" src=\"data:image\/svg+xml;base64,PHN2ZyB3aWR0aD0iMSIgaGVpZ2h0PSIxIiB4bWxucz0iaHR0cDovL3d3dy53My5vcmcvMjAwMC9zdmciPjwvc3ZnPg==\" style=\"--smush-placeholder-width: 300px; --smush-placeholder-aspect-ratio: 300\/167;\" \/><\/td>\n<td>\n<h3 style=\"padding-left: 40px; text-align: center;\">Macroeconom\u00eda<\/h3>\n<p style=\"text-align: center;\"><a href=\"\/en\/tu_url_destino\/\">Haz clic aqu\u00ed<\/a><\/p>\n<\/td>\n<\/tr>\n<tr>\n<td><\/td>\n<td><\/td>\n<\/tr>\n<tr>\n<td colspan=\"2\"><\/td>\n<\/tr>\n<tr>\n<td><\/td>\n<td><\/td>\n<\/tr>\n<\/tbody>\n<\/table>","protected":false},"excerpt":{"rendered":"<p>A continuaci\u00f3n se ponen a\u00a0 vuestra disposici\u00f3n material did\u00e1ctico que empleo en mis clases. Espero que os sea de utilidad &nbsp; ASIGNATURAS \u00c1REA DE MARKETING Direcci\u00f3n Comercial 3\u00ba ADE Haz &hellip; <a href=\"https:\/\/mk-ventas.blog\/en\/material-didactico\/\" class=\"more-link\">Read More<\/a><\/p>","protected":false},"author":1,"featured_media":125,"parent":0,"menu_order":0,"comment_status":"closed","ping_status":"closed","template":"","meta":{"footnotes":""},"class_list":["post-101","page","type-page","status-publish","has-post-thumbnail","hentry","entry"],"_links":{"self":[{"href":"https:\/\/mk-ventas.blog\/en\/wp-json\/wp\/v2\/pages\/101","targetHints":{"allow":["GET"]}}],"collection":[{"href":"https:\/\/mk-ventas.blog\/en\/wp-json\/wp\/v2\/pages"}],"about":[{"href":"https:\/\/mk-ventas.blog\/en\/wp-json\/wp\/v2\/types\/page"}],"author":[{"embeddable":true,"href":"https:\/\/mk-ventas.blog\/en\/wp-json\/wp\/v2\/users\/1"}],"replies":[{"embeddable":true,"href":"https:\/\/mk-ventas.blog\/en\/wp-json\/wp\/v2\/comments?post=101"}],"version-history":[{"count":17,"href":"https:\/\/mk-ventas.blog\/en\/wp-json\/wp\/v2\/pages\/101\/revisions"}],"predecessor-version":[{"id":258,"href":"https:\/\/mk-ventas.blog\/en\/wp-json\/wp\/v2\/pages\/101\/revisions\/258"}],"wp:featuredmedia":[{"embeddable":true,"href":"https:\/\/mk-ventas.blog\/en\/wp-json\/wp\/v2\/media\/125"}],"wp:attachment":[{"href":"https:\/\/mk-ventas.blog\/en\/wp-json\/wp\/v2\/media?parent=101"}],"curies":[{"name":"wp","href":"https:\/\/api.w.org\/{rel}","templated":true}]}}